{"id":5523,"date":"2018-08-17T10:27:40","date_gmt":"2018-08-17T10:27:40","guid":{"rendered":"http:\/\/neuscaamano.com\/about\/"},"modified":"2026-04-13T12:41:13","modified_gmt":"2026-04-13T10:41:13","slug":"about","status":"publish","type":"page","link":"https:\/\/neuscaamano.com\/en\/about\/","title":{"rendered":"About"},"content":{"rendered":"<div class=\"wpb-content-wrapper\"><p>[vc_row equal_height=&#8221;yes&#8221; content_placement=&#8221;middle&#8221; row_content_width=&#8221;grid&#8221; css=&#8221;.vc_custom_1696838575256{padding-top: 66px !important;padding-bottom: 66px !important;}&#8221;][vc_column offset=&#8221;vc_col-lg-offset-0 vc_col-lg-6 vc_col-md-offset-0 vc_col-md-6 vc_col-sm-offset-0 vc_col-xs-12&#8243;]<div class=\"eltdf-elements-holder   eltdf-one-column  eltdf-responsive-mode-768 \" ><div class=\"eltdf-eh-item img-about   \"  data-item-class=\"eltdf-eh-custom-6761\" data-1367-1600=\"0px 0px 0px 0px\" data-1025-1366=\"0px 0px 0px 0px\" data-769-1024=\"0px 50px 0px 50px\" data-681-768=\"25px 50px 0px 50px\" data-680=\"25px 0px 0px 0px\">\n    <div class=\"eltdf-eh-item-inner\">\n        <div class=\"eltdf-eh-item-content eltdf-eh-custom-6761\" style=\"padding: 0px 0px 0px 0px\">\n            <div class=\"eltdf-single-image-holder   \">\n    <div class=\"eltdf-si-inner\" >\n                                            <img loading=\"lazy\" decoding=\"async\" width=\"693\" height=\"400\" src=\"https:\/\/neuscaamano.com\/wp-content\/uploads\/2023\/10\/sobre-mi.png\" class=\"attachment-full size-full\" alt=\"About\" srcset=\"https:\/\/neuscaamano.com\/wp-content\/uploads\/2023\/10\/sobre-mi.png 693w, https:\/\/neuscaamano.com\/wp-content\/uploads\/2023\/10\/sobre-mi-300x173.png 300w\" sizes=\"auto, (max-width: 693px) 100vw, 693px\" \/>                                    <\/div>\n<\/div>        <\/div>\n    <\/div>\n<\/div><\/div>[\/vc_column][vc_column offset=&#8221;vc_col-lg-offset-0 vc_col-lg-6 vc_col-md-offset-0 vc_col-md-6 vc_col-sm-offset-0 vc_col-xs-12&#8243;]<div class=\"eltdf-elements-holder   eltdf-one-column  eltdf-responsive-mode-768 \" ><div class=\"eltdf-eh-item    \"  data-item-class=\"eltdf-eh-custom-2966\" data-1367-1600=\"0px 50px 0px 50px\" data-1025-1366=\"0px 50px 0px 50px\" data-769-1024=\"0px 50px 0px 50px\" data-681-768=\"50px 50px 0px 50px\" data-680=\"25px 0px 0px 0px\">\n    <div class=\"eltdf-eh-item-inner\">\n        <div class=\"eltdf-eh-item-content eltdf-eh-custom-2966\" style=\"padding: 0 50px\">\n            [vc_column_text]After graduating in Fine Arts from Universitat de Barcelona I studied at the Arts &amp; Crafts School Francesca Bonnemaison, known as Escola de la Dona (Barcelona), where Illustration captivated me for being a perfect language between creativity and communication. I currently develop my work in the fields of publishing and advertising illustration. Besides that, I teach creativity and plastic expression workshops for children.[\/vc_column_text][vc_separator css=&#8221;.vc_custom_1568224495069{margin-top: 25px !important;margin-bottom: 25px !important;}&#8221;][vc_empty_space height=&#8221;25px&#8221;]    <span class=\"eltdf-icon-shortcode eltdf-normal   eltdf-icon-small\" style=\"margin: 0 18px 0 0\" data-hover-color=\"#1e73be\" data-color=\"#000000\">\n                <a itemprop=\"url\" class=\"\" href=\"https:\/\/www.instagram.com\/neusilustracion\/\" target=\"_blank\">\n                <i class=\"eltdf-icon-font-awesome fab fa-instagram eltdf-icon-element\" style=\"color: #000000;font-size:14px\" ><\/i>                    <\/a>\n        <\/span>\n        <span class=\"eltdf-icon-shortcode eltdf-normal   eltdf-icon-small\"  data-hover-color=\"#1e73be\" data-color=\"#000000\">\n                <a itemprop=\"url\" class=\"\" href=\"https:\/\/www.facebook.com\/neuscaamanhoilustracion\/\" target=\"_blank\">\n                <i class=\"eltdf-icon-font-awesome fab fa-facebook eltdf-icon-element\" style=\"color: #000000;font-size:14px\" ><\/i>                    <\/a>\n        <\/span>\n    [vc_column_text]<\/p>\n<h6><span style=\"color: #878787;\"><a href=\"mailto:hola@neuscaamano.com\">hola@neuscaamano.com<\/a><\/span><\/h6>\n<p>[\/vc_column_text]        <\/div>\n    <\/div>\n<\/div><\/div>[\/vc_column][\/vc_row][vc_row content_placement=&#8221;top&#8221; row_content_width=&#8221;grid&#8221; css=&#8221;.vc_custom_1638186900350{padding-bottom: 66px !important;}&#8221; el_class=&#8221;about-list&#8221;][vc_column offset=&#8221;vc_col-lg-offset-0 vc_col-lg-6 vc_col-md-offset-0 vc_col-md-6 vc_col-sm-offset-0 vc_col-xs-12&#8243;]<div class=\"eltdf-elements-holder   eltdf-one-column  eltdf-responsive-mode-768 \" ><div class=\"eltdf-eh-item    \"  data-item-class=\"eltdf-eh-custom-1182\" data-769-1024=\"0px 50px 0px 50px\" data-681-768=\"0px 50px 0px 50px\" data-680=\"0px\">\n    <div class=\"eltdf-eh-item-inner\">\n        <div class=\"eltdf-eh-item-content eltdf-eh-custom-1182\" >\n            [vc_column_text]<\/p>\n<h5>Publications<\/h5>\n<p>[\/vc_column_text][vc_column_text el_class=&#8221;about-list&#8221;]<\/p>\n<ul>\n<li>&#8211; <em>La guerra del bum-bum, el tam-tam i el tampatantam<\/em>. Written by Francesc Bononad. La Maleta (Forthcoming publication).<\/li>\n<li>&#8211; <a href=\"https:\/\/kalandraka.com\/rondas-de-rodari.html\" target=\"_blank\" rel=\"noopener\"><em>Rondas de Rodari<\/em><\/a>. Written by Juan Carlos Mart\u00edn Ramos. Kalandraka (2026, Spain).<\/li>\n<li>&#8211; <a href=\"https:\/\/www.abuenpaso.com\/?s=hola+mi+cumple\" target=\"_blank\" rel=\"noopener\"><em>Hola, mi cumple<\/em><\/a>. Written by Mar Benegas. A buen paso (2026, Spain).<\/li>\n<li>&#8211; <a href=\"https:\/\/www.abuenpaso.com\/?s=hola+mi+cole\" target=\"_blank\" rel=\"noopener\"><em>Hola, mi cole<\/em><\/a>. Written by Mar Benegas. A buen paso (2026, Spain).<\/li>\n<li>&#8211; <em><a href=\"https:\/\/lafinestralectora.cat\/tres-i-tres-i-tres-fan\/\" target=\"_blank\" rel=\"noopener\">Tres, i tres, i tres fan&#8230;<\/a><\/em> Written by Sherezade Bardaj\u00ed. Bindi Books (2025, Spain).<\/li>\n<li>&#8211; <a href=\"https:\/\/www.abuenpaso.com\/libro\/quasi-iguals\/\" target=\"_blank\" rel=\"noopener\"><em>Quasi iguals<\/em><\/a>. Written by Neus Caama\u00f1o. A buen paso (2025, Spain).<\/li>\n<li>&#8211; <em><a href=\"https:\/\/akiarabooks.com\/es\/libro\/un-paisaje-una-flor\/\" target=\"_blank\" rel=\"noopener\">Un paisatge, una flor<\/a>.<\/em> Written by In\u00eas Castel-Branco. Akiara Books (2025, Spain and Portugal).<\/li>\n<li>&#8211; <a href=\"https:\/\/www.editorialbambu.com\/es\/libro\/la-rebelion-de-las-letras_80070035\/\" target=\"_blank\" rel=\"noopener\"><em>La rebeli\u00f3n de las letras<\/em><\/a>. Written by Magela Ronda. Bamb\u00fa (2025, Spain).<\/li>\n<li>&#8211; <a href=\"https:\/\/thuleediciones.com\/catalogo\/el-rey-que-reia-y-no-reia\/\" target=\"_blank\" rel=\"noopener\"><em>El rei que reia i no reia<\/em><\/a> Written by Francesc Bononad. Thule (2024, Espa\u00f1a).<\/li>\n<li>&#8211;<em> <a href=\"https:\/\/www.abuenpaso.com\/libro\/otto-y-pincho-como-abrazar-un-cactus\/\" target=\"_blank\" rel=\"noopener\">Otto y Pincho. C\u00f3mo abrazar un cactus<\/a><\/em>. Written by Uxue Ju\u00e1rez. A buen paso (2024, Spain) \/ Denonartean (2024, Basque Country).<\/li>\n<li>&#8211; <a href=\"https:\/\/www.bookolia.es\/libreria\/dias-de-circo\/\" target=\"_blank\" rel=\"noopener\"><em>D\u00edas de circo<\/em><\/a>. Written by David Hern\u00e1ndez Sevillano. Bookolia Editorial (2024, Spain).<\/li>\n<li>&#8211; <a href=\"https:\/\/www.combeleditorial.com\/ca\/llibre\/sona-el-piano_978-84-1158-034-2\" target=\"_blank\" rel=\"noopener\"><em>Sona el piano!<\/em><\/a> Written by Oriol Garcia. Combel Editorial (2023, Spain).<\/li>\n<li>&#8211; <a href=\"https:\/\/ajuntament.barcelona.cat\/barcelonallibres\/es\/libros\/barcelona-la-meva-ciutat\" target=\"_blank\" rel=\"noopener\"><em>Barcelona, la meva ciutat<\/em><\/a>. Written by Marina Luz Garc\u00eda. Libros del Zorro Rojo and Barcelona City Hall (2023, Spain).<\/li>\n<li>&#8211; <a href=\"https:\/\/akiarabooks.com\/llibre\/redescobrir-el-mon\/\" target=\"_blank\" rel=\"noopener\"><em>Redescobrir el m\u00f3n<\/em><\/a>. Written by Jordi Pigem. Akiara Books (2023, Spain and Portugal).<\/li>\n<li>&#8211; <a href=\"https:\/\/thuleediciones.com\/catalogo\/larbre-del-senyor-shaun\/\" target=\"_blank\" rel=\"noopener\"><em>L&#8217;arbre del senyor Shaun<\/em><\/a>. Written by Mireia Vidal. Thule Ediciones (2022, Spain).<\/li>\n<li>&#8211; <a href=\"https:\/\/www.abuenpaso.com\/libro\/hola-mi-luna\/\" target=\"_blank\" rel=\"noopener\"><em>Hola, mi luna<\/em><\/a>. Written by Mar Benegas. A buen paso (2022, Spain) \/ Flammarion Jeunesse (2021, France) \/ Il Castelo Editore (2023, Italy).<\/li>\n<li>&#8211; <a href=\"https:\/\/www.avenauta.com\/catalogo\/obras-completas-y-otros-cuentos\/\" target=\"_blank\" rel=\"noopener\"><em>Obras completas (y otros cuentos)<\/em><\/a>. Written by Augusto Monterroso. Avenauta (2021, Spain).<\/li>\n<li>&#8211; <a href=\"https:\/\/akiarabooks.com\/llibre\/una-petita-llavor\/\" target=\"_blank\" rel=\"noopener\"><em>Una peque\u00f1a semilla<\/em><\/a>. Written by Mar Benegas. Akiara Books (2020, Spain and Portugal).<\/li>\n<li>&#8211; <a href=\"https:\/\/akiarabooks.com\/es\/libro\/siahl-ted-perry-cada-parte-de-esta-tierra-es-sagrada-para-mi-pueblo\/\" target=\"_blank\" rel=\"noopener\"><em>Si&#8217;ahl<\/em><\/a>. Literary adaptation by Ted Perry. Akiara Books (2019, Spain).<\/li>\n<li>&#8211; <a href=\"https:\/\/www.abuenpaso.com\/libro\/hola-manana\/\" target=\"_blank\" rel=\"noopener\"><em>Hola, ma\u00f1ana<\/em><\/a>. Written by Mar Benegas. A buen paso (2019, Spain) \/ Flammarion Jeunesse (2021, France) \/ Il Castelo Editore (2023, Italy).<\/li>\n<li>&#8211; <a href=\"https:\/\/www.avenauta.com\/catalogo\/black-tan\/\" target=\"_blank\" rel=\"noopener\"><em>Black &amp; Tan<\/em><\/a>. Written by Miguel Calero. Avenauta (2018, Spain).<\/li>\n<li>&#8211; <a href=\"https:\/\/www.trestigrestristes.com\/catalogo\/por-una-manzana\/\" target=\"_blank\" rel=\"noopener\"><em>Por una manzana<\/em><\/a>. Silent book. Tres Tigres Tristes (2018, Spain).<\/li>\n<li>&#8211; <a href=\"https:\/\/akiarabooks.com\/llibre\/tao\/\" target=\"_blank\" rel=\"noopener\"><em>Tao<\/em><\/a>. Literary adaptation by Manel Oll\u00e9. Fragmenta Editorial and Akiara Books (2017, Spain and Portugal) \/ \u00c9ditions Picquier (2018, France).<\/li>\n<li>&#8211; <a href=\"https:\/\/www.trestigrestristes.com\/catalogo\/lo-que-hay-detras\/\" target=\"_blank\" rel=\"noopener\"><em>Lo que hay detr\u00e1s<\/em><\/a>. Written by Juan Frau. Tres Tigres Tristes (2017, Spain) \/ Les Ruk (2018, Russia).<\/li>\n<\/ul>\n<p>[\/vc_column_text]        <\/div>\n    <\/div>\n<\/div><\/div>[vc_empty_space height=&#8221;25px&#8221;][\/vc_column][vc_column offset=&#8221;vc_col-lg-offset-0 vc_col-lg-6 vc_col-md-offset-0 vc_col-md-6 vc_col-sm-offset-0 vc_col-xs-12&#8243;]<div class=\"eltdf-elements-holder   eltdf-one-column  eltdf-responsive-mode-768 \" ><div class=\"eltdf-eh-item    \"  data-item-class=\"eltdf-eh-custom-8972\" data-769-1024=\"0px 50px 0px 50px\" data-681-768=\"0px 50px 0px 50px\" data-680=\"0px\">\n    <div class=\"eltdf-eh-item-inner\">\n        <div class=\"eltdf-eh-item-content eltdf-eh-custom-8972\" style=\"padding: 0 50px\">\n            [vc_column_text]<\/p>\n<h5>Awards and Selections<\/h5>\n<p>[\/vc_column_text][vc_column_text el_class=&#8221;about-list&#8221;]<\/p>\n<ul>\n<li>&#8211; Shortlisted at The BRAW Amazing Bookshelf at the Bologna Children\u2019s Book Fair (2026, Italy).<\/li>\n<li>&#8211; Shortlisted at Best Books by Catalan Autors. IBBY cat, Consell Catal\u00e0 del Llibre Infantil i Juvenil (2026, Catalonia).<\/li>\n<li>&#8211; Children\u2019s and Youth Books Exhibition from Comunidad de Madrid (2026, 2025, 2021, 2019, Spain).<\/li>\n<li>&#8211; Shortlisted at The BRAW Amazing Bookshelf (Sustainability) at the Bologna Children\u2019s Book Fair (2025, Italy).<\/li>\n<li>&#8211; Fundaci\u00f3n Cuatrogatos Award (2025, Miami).<\/li>\n<li>&#8211; Shorlisted for the Illustrator\u2019s Exhibition at the Bologna Children\u2019s Book Fair (2024, Italy).<\/li>\n<li>&#8211; Iberoam\u00e9rica Ilustra Catalogue. Fundaci\u00f3n SM and FIL Guadalajara (2023, 2021, 2019, 2018, Mexico).<\/li>\n<li>&#8211; Best Books for Kids. New York Public Library (2022, USA).<\/li>\n<li>&#8211; Baba Kamo International Editorial Illustration Festival (2021, 2020, 2019, 2018, Spain).<\/li>\n<li>&#8211; Special Mention (illustration category) Banco del Libro Award (2021, Venezuela).<\/li>\n<li>&#8211; Sharjah Children&#8217;s Reading Festival (2020, Arab Emirates).<\/li>\n<li>&#8211; 3rd National Best Published Book Prize (2019, Spain).<\/li>\n<li>&#8211; 2nd Prize Chen Bochui Award CICLA Illustration Exhibition. Shanghai International Children&#8217;s Book Fair (2019, China).<\/li>\n<li>&#8211; Fundaci\u00f3n Cuatrogatos Award (2019, Miami).<\/li>\n<li>&#8211; Shortlisted for APIM Awards (2019, Spain).<\/li>\n<li>&#8211; International Illustration Festival of S\u00e3o Jo\u00e3o da Madeira (2019, 2017, Portugal).<\/li>\n<li>&#8211; Spanish Children\u2019s and Youth Literature Catalogue. OEPLI (2018, Spain).<\/li>\n<li>&#8211; Sorthilsted for International Picture Book Contest Biblioteca Insular de Gran Canaria (2016, Spain).<\/li>\n<li>&#8211; 1st Prize LabEmilia de Proyectos (2016, Brazil).<\/li>\n<li>&#8211; Propuestas VEGAP Prize (2012, Spain).<\/li>\n<\/ul>\n<p>[\/vc_column_text]        <\/div>\n    <\/div>\n<\/div><\/div>[\/vc_column][\/vc_row]<\/p>\n<\/div>","protected":false},"excerpt":{"rendered":"<p>[vc_row equal_height=&#8221;yes&#8221; content_placement=&#8221;middle&#8221; row_content_width=&#8221;grid&#8221; css=&#8221;.vc_custom_1696838575256{padding-top: 66px !important;padding-bottom: 66px !important;}&#8221;][vc_column offset=&#8221;vc_col-lg-offset-0 vc_col-lg-6 vc_col-md-offset-0 vc_col-md-6 vc_col-sm-offset-0 vc_col-xs-12&#8243;][\/vc_column][vc_column offset=&#8221;vc_col-lg-offset-0 vc_col-lg-6 vc_col-md-offset-0 vc_col-md-6 vc_col-sm-offset-0 vc_col-xs-12&#8243;][\/vc_column][\/vc_row][vc_row content_placement=&#8221;top&#8221; row_content_width=&#8221;grid&#8221; css=&#8221;.vc_custom_1638186900350{padding-bottom: 66px !important;}&#8221; el_class=&#8221;about-list&#8221;][vc_column offset=&#8221;vc_col-lg-offset-0 vc_col-lg-6 vc_col-md-offset-0 vc_col-md-6 vc_col-sm-offset-0 vc_col-xs-12&#8243;][vc_empty_space height=&#8221;25px&#8221;][\/vc_column][vc_column offset=&#8221;vc_col-lg-offset-0 vc_col-lg-6 vc_col-md-offset-0 vc_col-md-6 vc_col-sm-offset-0 vc_col-xs-12&#8243;][\/vc_column][\/vc_row]<\/p>\n","protected":false},"author":1,"featured_media":0,"parent":0,"menu_order":8,"comment_status":"closed","ping_status":"closed","template":"","meta":{"footnotes":""},"class_list":["post-5523","page","type-page","status-publish","hentry"],"yoast_head":"<!-- This site is optimized with the Yoast SEO plugin v27.5 - https:\/\/yoast.com\/product\/yoast-seo-wordpress\/ -->\n<title>About - Neus Caama\u00f1o<\/title>\n<meta name=\"description\" content=\"Write me an email if you need an illustrator.\" \/>\n<meta name=\"robots\" content=\"index, follow, max-snippet:-1, max-image-preview:large, max-video-preview:-1\" \/>\n<link rel=\"canonical\" href=\"https:\/\/neuscaamano.com\/en\/about\/\" \/>\n<meta property=\"og:locale\" content=\"en_US\" \/>\n<meta property=\"og:type\" content=\"article\" \/>\n<meta property=\"og:title\" content=\"About - Neus Caama\u00f1o\" \/>\n<meta property=\"og:description\" content=\"Write me an email if you need an illustrator.\" \/>\n<meta property=\"og:url\" content=\"https:\/\/neuscaamano.com\/en\/about\/\" \/>\n<meta property=\"og:site_name\" content=\"Neus Caama\u00f1o\" \/>\n<meta property=\"article:publisher\" content=\"https:\/\/www.facebook.com\/neuscaamanhoilustracion\/\" \/>\n<meta property=\"article:modified_time\" content=\"2026-04-13T10:41:13+00:00\" \/>\n<meta name=\"twitter:card\" content=\"summary_large_image\" \/>\n<meta name=\"twitter:label1\" content=\"Est. reading time\" \/>\n\t<meta name=\"twitter:data1\" content=\"4 minutes\" \/>\n<script type=\"application\/ld+json\" class=\"yoast-schema-graph\">{\"@context\":\"https:\\\/\\\/schema.org\",\"@graph\":[{\"@type\":\"WebPage\",\"@id\":\"https:\\\/\\\/neuscaamano.com\\\/en\\\/about\\\/\",\"url\":\"https:\\\/\\\/neuscaamano.com\\\/en\\\/about\\\/\",\"name\":\"About - Neus Caama\u00f1o\",\"isPartOf\":{\"@id\":\"https:\\\/\\\/neuscaamano.com\\\/es\\\/#website\"},\"datePublished\":\"2018-08-17T10:27:40+00:00\",\"dateModified\":\"2026-04-13T10:41:13+00:00\",\"description\":\"Write me an email if you need an illustrator.\",\"breadcrumb\":{\"@id\":\"https:\\\/\\\/neuscaamano.com\\\/en\\\/about\\\/#breadcrumb\"},\"inLanguage\":\"en-US\",\"potentialAction\":[{\"@type\":\"ReadAction\",\"target\":[\"https:\\\/\\\/neuscaamano.com\\\/en\\\/about\\\/\"]}]},{\"@type\":\"BreadcrumbList\",\"@id\":\"https:\\\/\\\/neuscaamano.com\\\/en\\\/about\\\/#breadcrumb\",\"itemListElement\":[{\"@type\":\"ListItem\",\"position\":1,\"name\":\"Home\",\"item\":\"https:\\\/\\\/neuscaamano.com\\\/en\\\/\"},{\"@type\":\"ListItem\",\"position\":2,\"name\":\"About\"}]},{\"@type\":\"WebSite\",\"@id\":\"https:\\\/\\\/neuscaamano.com\\\/es\\\/#website\",\"url\":\"https:\\\/\\\/neuscaamano.com\\\/es\\\/\",\"name\":\"Neus Caama\u00f1o\",\"description\":\"Neus Caama\u00f1o Ilustraci\u00f3n\",\"publisher\":{\"@id\":\"https:\\\/\\\/neuscaamano.com\\\/es\\\/#organization\"},\"potentialAction\":[{\"@type\":\"SearchAction\",\"target\":{\"@type\":\"EntryPoint\",\"urlTemplate\":\"https:\\\/\\\/neuscaamano.com\\\/es\\\/?s={search_term_string}\"},\"query-input\":{\"@type\":\"PropertyValueSpecification\",\"valueRequired\":true,\"valueName\":\"search_term_string\"}}],\"inLanguage\":\"en-US\"},{\"@type\":\"Organization\",\"@id\":\"https:\\\/\\\/neuscaamano.com\\\/es\\\/#organization\",\"name\":\"Neus Caama\u00f1o Ilustraci\u00f3n\",\"url\":\"https:\\\/\\\/neuscaamano.com\\\/es\\\/\",\"logo\":{\"@type\":\"ImageObject\",\"inLanguage\":\"en-US\",\"@id\":\"https:\\\/\\\/neuscaamano.com\\\/es\\\/#\\\/schema\\\/logo\\\/image\\\/\",\"url\":\"https:\\\/\\\/neuscaamano.com\\\/wp-content\\\/uploads\\\/2019\\\/09\\\/favicon.png\",\"contentUrl\":\"https:\\\/\\\/neuscaamano.com\\\/wp-content\\\/uploads\\\/2019\\\/09\\\/favicon.png\",\"width\":512,\"height\":512,\"caption\":\"Neus Caama\u00f1o Ilustraci\u00f3n\"},\"image\":{\"@id\":\"https:\\\/\\\/neuscaamano.com\\\/es\\\/#\\\/schema\\\/logo\\\/image\\\/\"},\"sameAs\":[\"https:\\\/\\\/www.facebook.com\\\/neuscaamanhoilustracion\\\/\",\"https:\\\/\\\/www.instagram.com\\\/neusilustracion\"]}]}<\/script>\n<!-- \/ Yoast SEO plugin. -->","yoast_head_json":{"title":"About - Neus Caama\u00f1o","description":"Write me an email if you need an illustrator.","robots":{"index":"index","follow":"follow","max-snippet":"max-snippet:-1","max-image-preview":"max-image-preview:large","max-video-preview":"max-video-preview:-1"},"canonical":"https:\/\/neuscaamano.com\/en\/about\/","og_locale":"en_US","og_type":"article","og_title":"About - Neus Caama\u00f1o","og_description":"Write me an email if you need an illustrator.","og_url":"https:\/\/neuscaamano.com\/en\/about\/","og_site_name":"Neus Caama\u00f1o","article_publisher":"https:\/\/www.facebook.com\/neuscaamanhoilustracion\/","article_modified_time":"2026-04-13T10:41:13+00:00","twitter_card":"summary_large_image","twitter_misc":{"Est. reading time":"4 minutes"},"schema":{"@context":"https:\/\/schema.org","@graph":[{"@type":"WebPage","@id":"https:\/\/neuscaamano.com\/en\/about\/","url":"https:\/\/neuscaamano.com\/en\/about\/","name":"About - Neus Caama\u00f1o","isPartOf":{"@id":"https:\/\/neuscaamano.com\/es\/#website"},"datePublished":"2018-08-17T10:27:40+00:00","dateModified":"2026-04-13T10:41:13+00:00","description":"Write me an email if you need an illustrator.","breadcrumb":{"@id":"https:\/\/neuscaamano.com\/en\/about\/#breadcrumb"},"inLanguage":"en-US","potentialAction":[{"@type":"ReadAction","target":["https:\/\/neuscaamano.com\/en\/about\/"]}]},{"@type":"BreadcrumbList","@id":"https:\/\/neuscaamano.com\/en\/about\/#breadcrumb","itemListElement":[{"@type":"ListItem","position":1,"name":"Home","item":"https:\/\/neuscaamano.com\/en\/"},{"@type":"ListItem","position":2,"name":"About"}]},{"@type":"WebSite","@id":"https:\/\/neuscaamano.com\/es\/#website","url":"https:\/\/neuscaamano.com\/es\/","name":"Neus Caama\u00f1o","description":"Neus Caama\u00f1o Ilustraci\u00f3n","publisher":{"@id":"https:\/\/neuscaamano.com\/es\/#organization"},"potentialAction":[{"@type":"SearchAction","target":{"@type":"EntryPoint","urlTemplate":"https:\/\/neuscaamano.com\/es\/?s={search_term_string}"},"query-input":{"@type":"PropertyValueSpecification","valueRequired":true,"valueName":"search_term_string"}}],"inLanguage":"en-US"},{"@type":"Organization","@id":"https:\/\/neuscaamano.com\/es\/#organization","name":"Neus Caama\u00f1o Ilustraci\u00f3n","url":"https:\/\/neuscaamano.com\/es\/","logo":{"@type":"ImageObject","inLanguage":"en-US","@id":"https:\/\/neuscaamano.com\/es\/#\/schema\/logo\/image\/","url":"https:\/\/neuscaamano.com\/wp-content\/uploads\/2019\/09\/favicon.png","contentUrl":"https:\/\/neuscaamano.com\/wp-content\/uploads\/2019\/09\/favicon.png","width":512,"height":512,"caption":"Neus Caama\u00f1o Ilustraci\u00f3n"},"image":{"@id":"https:\/\/neuscaamano.com\/es\/#\/schema\/logo\/image\/"},"sameAs":["https:\/\/www.facebook.com\/neuscaamanhoilustracion\/","https:\/\/www.instagram.com\/neusilustracion"]}]}},"_links":{"self":[{"href":"https:\/\/neuscaamano.com\/en\/wp-json\/wp\/v2\/pages\/5523","targetHints":{"allow":["GET"]}}],"collection":[{"href":"https:\/\/neuscaamano.com\/en\/wp-json\/wp\/v2\/pages"}],"about":[{"href":"https:\/\/neuscaamano.com\/en\/wp-json\/wp\/v2\/types\/page"}],"author":[{"embeddable":true,"href":"https:\/\/neuscaamano.com\/en\/wp-json\/wp\/v2\/users\/1"}],"replies":[{"embeddable":true,"href":"https:\/\/neuscaamano.com\/en\/wp-json\/wp\/v2\/comments?post=5523"}],"version-history":[{"count":45,"href":"https:\/\/neuscaamano.com\/en\/wp-json\/wp\/v2\/pages\/5523\/revisions"}],"predecessor-version":[{"id":6937,"href":"https:\/\/neuscaamano.com\/en\/wp-json\/wp\/v2\/pages\/5523\/revisions\/6937"}],"wp:attachment":[{"href":"https:\/\/neuscaamano.com\/en\/wp-json\/wp\/v2\/media?parent=5523"}],"curies":[{"name":"wp","href":"https:\/\/api.w.org\/{rel}","templated":true}]}}