{"id":1089,"date":"2018-08-17T10:27:40","date_gmt":"2018-08-17T10:27:40","guid":{"rendered":"http:\/\/brynn.elated-themes.com\/?page_id=1089"},"modified":"2026-04-13T12:39:21","modified_gmt":"2026-04-13T10:39:21","slug":"sobre-mi","status":"publish","type":"page","link":"https:\/\/neuscaamano.com\/es\/sobre-mi\/","title":{"rendered":"Sobre m\u00ed"},"content":{"rendered":"<p>[vc_row equal_height=\u00bbyes\u00bb content_placement=\u00bbmiddle\u00bb row_content_width=\u00bbgrid\u00bb css=\u00bb.vc_custom_1696838536080{padding-top: 66px !important;padding-bottom: 66px !important;}\u00bb][vc_column offset=\u00bbvc_col-lg-offset-0 vc_col-lg-6 vc_col-md-offset-0 vc_col-md-6 vc_col-sm-offset-0 vc_col-xs-12&#8243;]<div class=\"eltdf-elements-holder   eltdf-one-column  eltdf-responsive-mode-768 \" ><div class=\"eltdf-eh-item img-about   \"  data-item-class=\"eltdf-eh-custom-1729\" data-1367-1600=\"0px 0px 0px 0px\" data-1025-1366=\"0px 0px 0px 0px\" data-769-1024=\"0px 50px 0px 50px\" data-681-768=\"25px 50px 0px 50px\" data-680=\"25px 0px 0px 0px\">\n    <div class=\"eltdf-eh-item-inner\">\n        <div class=\"eltdf-eh-item-content eltdf-eh-custom-1729\" style=\"padding: 0px 0px 0px 0px\">\n            <div class=\"eltdf-single-image-holder   \">\n    <div class=\"eltdf-si-inner\" >\n                                            <img loading=\"lazy\" decoding=\"async\" width=\"693\" height=\"400\" src=\"https:\/\/neuscaamano.com\/wp-content\/uploads\/2023\/10\/sobre-mi.png\" class=\"attachment-full size-full\" alt=\"Sobre m\u00ed\" srcset=\"https:\/\/neuscaamano.com\/wp-content\/uploads\/2023\/10\/sobre-mi.png 693w, https:\/\/neuscaamano.com\/wp-content\/uploads\/2023\/10\/sobre-mi-300x173.png 300w\" sizes=\"auto, (max-width: 693px) 100vw, 693px\" \/>                                    <\/div>\n<\/div>        <\/div>\n    <\/div>\n<\/div><\/div>[\/vc_column][vc_column offset=\u00bbvc_col-lg-offset-0 vc_col-lg-6 vc_col-md-offset-0 vc_col-md-6 vc_col-sm-offset-0 vc_col-xs-12&#8243;]<div class=\"eltdf-elements-holder   eltdf-one-column  eltdf-responsive-mode-768 \" ><div class=\"eltdf-eh-item    \"  data-item-class=\"eltdf-eh-custom-4106\" data-1367-1600=\"0px 50px 0px 50px\" data-1025-1366=\"0px 50px 0px 50px\" data-769-1024=\"0px 50px 0px 50px\" data-681-768=\"50px 50px 0px 50px\" data-680=\"25px 0px 0px 0px\">\n    <div class=\"eltdf-eh-item-inner\">\n        <div class=\"eltdf-eh-item-content eltdf-eh-custom-4106\" style=\"padding: 0 50px\">\n            [vc_column_text]Despu\u00e9s de graduarme en Bellas Artes por la Universitat de Barcelona estudi\u00e9 en la escuela de artes y oficios Francesca Bonnemaison, conocida como Escola de la Dona (Barcelona), donde la ilustraci\u00f3n me cautiv\u00f3 por ser un lenguaje perfecto a medio camino entre la expresi\u00f3n art\u00edstica y la comunicaci\u00f3n. Actualmente desarrollo mi trabajo en los campos de la ilustraci\u00f3n editorial y publicitaria. Adem\u00e1s, imparto talleres de creatividad y expresi\u00f3n pl\u00e1stica para p\u00fablico infantil.[\/vc_column_text][vc_separator css=\u00bb.vc_custom_1568480026607{margin-top: 25px !important;margin-bottom: 25px !important;}\u00bb][vc_empty_space height=\u00bb25px\u00bb]    <span class=\"eltdf-icon-shortcode eltdf-normal   eltdf-icon-small\" style=\"margin: 0 18px 0 0\" data-hover-color=\"#1e73be\" data-color=\"#000000\">\n                <a itemprop=\"url\" class=\"\" href=\"https:\/\/www.instagram.com\/neusilustracion\/\" target=\"_blank\">\n                <i class=\"eltdf-icon-font-awesome fab fa-instagram eltdf-icon-element\" style=\"color: #000000;font-size:14px\" ><\/i>                    <\/a>\n        <\/span>\n    [vc_column_text]<\/p>\n<h6><span style=\"color: #878787;\"><a href=\"mailto:hola@neuscaamano.com\">hola@neuscaamano.com<\/a><\/span><\/h6>\n<p>[\/vc_column_text]        <\/div>\n    <\/div>\n<\/div><\/div>[\/vc_column][\/vc_row][vc_row content_placement=\u00bbtop\u00bb row_content_width=\u00bbgrid\u00bb css=\u00bb.vc_custom_1638186900350{padding-bottom: 66px !important;}\u00bb el_class=\u00bbabout-list\u00bb][vc_column offset=\u00bbvc_col-lg-offset-0 vc_col-lg-6 vc_col-md-offset-0 vc_col-md-6 vc_col-sm-offset-0 vc_col-xs-12&#8243;]<div class=\"eltdf-elements-holder   eltdf-one-column  eltdf-responsive-mode-768 \" ><div class=\"eltdf-eh-item    \"  data-item-class=\"eltdf-eh-custom-1452\" data-769-1024=\"0px 50px 0px 50px\" data-681-768=\"0px 50px 0px 50px\" data-680=\"0px\">\n    <div class=\"eltdf-eh-item-inner\">\n        <div class=\"eltdf-eh-item-content eltdf-eh-custom-1452\" >\n            [vc_column_text]<\/p>\n<h5>Publicaciones<\/h5>\n<p>[\/vc_column_text][vc_column_text css_animation=\u00bbnone\u00bb el_class=\u00bbabout-list\u00bb]<\/p>\n<ul>\n<li>&#8211; <em>La guerra del bum-bum, el tam-tam i el tampatantam<\/em>. Texto de Francesc Bononad. La Maleta (pr\u00f3xima publicaci\u00f3n).<\/li>\n<li>&#8211; <a href=\"https:\/\/kalandraka.com\/rondas-de-rodari.html\" target=\"_blank\" rel=\"noopener\"><em>Rondas de Rodari<\/em><\/a>. Texto de Juan Carlos Mart\u00edn Ramos. Kalandraka (2026, Espa\u00f1a).<\/li>\n<li>&#8211; <a href=\"https:\/\/www.abuenpaso.com\/libro\/hola-mi-cumple\/\" target=\"_blank\" rel=\"noopener\"><em>Hola, mi cumple<\/em><\/a>. Texto de Mar Benegas. A buen paso (2026, Espa\u00f1a).<\/li>\n<li>&#8211; <a href=\"http:\/\/www.abuenpaso.com\/libro\/hola-mi-cole\/\" target=\"_blank\" rel=\"noopener\"><em>Hola, mi cole<\/em><\/a>. Texto de Mar Benegas. A buen paso (2026, Espa\u00f1a).<\/li>\n<li>&#8211;<em> <a href=\"https:\/\/lafinestralectora.cat\/tres-i-tres-i-tres-fan\/\" target=\"_blank\" rel=\"noopener\">Tres, i tres, i tres fan&#8230;<\/a><\/em> Texto de Sherezade Bardaj\u00ed. Bindi Books (2025, Espa\u00f1a).<\/li>\n<li>&#8211; <a href=\"https:\/\/www.abuenpaso.com\/libro\/quasi-iguals\/\" target=\"_blank\" rel=\"noopener\"><em>Quasi iguals<\/em><\/a>. Texto de Neus Caama\u00f1o. A buen paso (2025, Espa\u00f1a).<\/li>\n<li>&#8211; <em><a href=\"https:\/\/akiarabooks.com\/llibre\/un-paisatge-una-flor\/\" target=\"_blank\" rel=\"noopener\">Un paisatge, una flor<\/a><\/em>. Texto de In\u00eas Castel-Branco. Akiara Books (2025, Espa\u00f1a y Portugal).<\/li>\n<li>&#8211; <a href=\"https:\/\/www.editorialbambu.com\/es\/libro\/la-rebelion-de-las-letras_80070035\/\" target=\"_blank\" rel=\"noopener\"><em>La rebeli\u00f3n de las letras<\/em><\/a>. Texto de Magela Ronda. Editorial Bamb\u00fa (2025, Espa\u00f1a).<\/li>\n<li>&#8211; <a href=\"https:\/\/thuleediciones.com\/catalogo\/el-rey-que-reia-y-no-reia\/\" target=\"_blank\" rel=\"noopener\"><em>El rei que reia i no reia<\/em><\/a> Texto de Francesc Bononad. Thule (2024, Espa\u00f1a).<\/li>\n<li>&#8211;<em> <a href=\"https:\/\/www.abuenpaso.com\/libro\/otto-y-pincho-como-abrazar-un-cactus\/\" target=\"_blank\" rel=\"noopener\">Otto y Pincho. C\u00f3mo abrazar un cactus<\/a><\/em>. Written by Uxue Ju\u00e1rez. A buen paso (2024, Spain) \/ Denonartean (2024, Basque Country).<\/li>\n<li>&#8211; <a href=\"https:\/\/www.bookolia.es\/libreria\/dias-de-circo\/\" target=\"_blank\" rel=\"noopener\"><em>D\u00edas de circo<\/em><\/a>. Texto de David Hern\u00e1ndez Sevillano. Bookolia Editorial (2024, Espa\u00f1a).<\/li>\n<li>&#8211; <a href=\"https:\/\/www.combeleditorial.com\/ca\/llibre\/sona-el-piano_978-84-1158-034-2\" target=\"_blank\" rel=\"noopener\"><em>Sona el piano!<\/em><\/a> Texto de Oriol Garcia. Combel Editorial (2023, Espa\u00f1a) \/ Holiu Creative (Taiwan, 2024) \/ Beijing Allied Fortune (China, 2024).<\/li>\n<li>&#8211; <a href=\"https:\/\/ajuntament.barcelona.cat\/barcelonallibres\/es\/libros\/barcelona-la-meva-ciutat\" target=\"_blank\" rel=\"noopener\"><em>Barcelona, la meva ciutat<\/em><\/a>. Texto de Marina Luz Garc\u00eda. Libros del Zorro Rojo y Ayuntamiento de Barcelona (2023, Espa\u00f1a).<\/li>\n<li>&#8211; <a href=\"https:\/\/akiarabooks.com\/llibre\/redescobrir-el-mon\/\" target=\"_blank\" rel=\"noopener\"><em>Redescobrir el m\u00f3n<\/em><\/a>. Texto de Jordi Pigem. Akiara Books (2023, Espa\u00f1a y Portugal).<\/li>\n<li>&#8211; <a href=\"https:\/\/thuleediciones.com\/catalogo\/larbre-del-senyor-shaun\/\" target=\"_blank\" rel=\"noopener\"><em>L&#8217;arbre del senyor Shaun<\/em><\/a>. Texto de Mireia Vidal. Thule Ediciones (2022, Espa\u00f1a).<\/li>\n<li>&#8211; <a href=\"https:\/\/www.abuenpaso.com\/libro\/hola-mi-luna\/\" target=\"_blank\" rel=\"noopener\"><em>Hola, mi luna<\/em><\/a>. Texto de Mar Benegas. A buen paso (2022, Espa\u00f1a) \/ Flammarion Jeunesse (2023, Francia) \/ Il Castelo Editore (2023, Italia).<\/li>\n<li>&#8211; <em><a href=\"https:\/\/www.avenauta.com\/catalogo\/obras-completas-y-otros-cuentos\/\" target=\"_blank\" rel=\"noopener\">Obras completas (y otros cuentos)<\/a>.<\/em> Texto de Augusto Monterroso. Avenauta (2021, Espa\u00f1a).<\/li>\n<li>&#8211; <a href=\"https:\/\/akiarabooks.com\/llibre\/una-petita-llavor\/\" target=\"_blank\" rel=\"noopener\"><em>Una peque\u00f1a semilla<\/em><\/a>. Texto de Mar Benegas. Akiara Books (2020, Espa\u00f1a y Portugal).<\/li>\n<li>&#8211; <a href=\"https:\/\/akiarabooks.com\/es\/libro\/siahl-ted-perry-cada-parte-de-esta-tierra-es-sagrada-para-mi-pueblo\/\" target=\"_blank\" rel=\"noopener\"><em>Si&#8217;ahl<\/em><\/a>. Adaptaci\u00f3n literaria de Ted Perry. Akiara Books (2019, Espa\u00f1a y Portugal).<\/li>\n<li>&#8211; <a href=\"https:\/\/www.abuenpaso.com\/libro\/hola-manana\/\" target=\"_blank\" rel=\"noopener\"><em>Hola, ma\u00f1ana<\/em><\/a>. Texto de Mar Benegas. A buen paso (2019, Espa\u00f1a) \/ Flammarion Jeunesse (2021, Francia) \/ Il Castelo Editore (2023, Italia).<\/li>\n<li>&#8211; <a href=\"https:\/\/www.avenauta.com\/catalogo\/black-tan\/\" target=\"_blank\" rel=\"noopener\"><em>Black &amp; Tan<\/em><\/a>. Texto de Miguel Calero. Avenauta (2018, Espa\u00f1a).<\/li>\n<li>&#8211; <a href=\"https:\/\/www.trestigrestristes.com\/catalogo\/por-una-manzana\/\" target=\"_blank\" rel=\"noopener\"><em>Por una manzana<\/em><\/a>. Libro mudo. Tres Tigres Tristes (2018, Espa\u00f1a).<\/li>\n<li>&#8211; <a href=\"https:\/\/akiarabooks.com\/llibre\/tao\/\" target=\"_blank\" rel=\"noopener\"><em>Tao<\/em><\/a>. Adaptaci\u00f3n literaria de Manel Oll\u00e9. Fragmenta Editorial i Akiara Books (2017, Espa\u00f1a y Portugal) \/ \u00c9ditions Picquier (2018, Francia).<\/li>\n<li>&#8211; <a href=\"https:\/\/www.trestigrestristes.com\/catalogo\/lo-que-hay-detras\/\" target=\"_blank\" rel=\"noopener\"><em>Lo que hay detr\u00e1s<\/em><\/a>. Texto de Juan Frau. Tres Tigres Tristes (2017, Espa\u00f1a) \/ Les Ruk (2018, Rusia).<\/li>\n<\/ul>\n<p>[\/vc_column_text]        <\/div>\n    <\/div>\n<\/div><\/div>[vc_empty_space height=\u00bb25px\u00bb][\/vc_column][vc_column offset=\u00bbvc_col-lg-offset-0 vc_col-lg-6 vc_col-md-offset-0 vc_col-md-6 vc_col-sm-offset-0 vc_col-xs-12&#8243;]<div class=\"eltdf-elements-holder   eltdf-one-column  eltdf-responsive-mode-768 \" ><div class=\"eltdf-eh-item    \"  data-item-class=\"eltdf-eh-custom-5289\" data-769-1024=\"0px 50px 0px 50px\" data-681-768=\"0px 50px 0px 50px\" data-680=\"0px\">\n    <div class=\"eltdf-eh-item-inner\">\n        <div class=\"eltdf-eh-item-content eltdf-eh-custom-5289\" style=\"padding: 0 50px\">\n            [vc_column_text]<\/p>\n<h5>Premios y selecciones<\/h5>\n<p>[\/vc_column_text][vc_column_text el_class=\u00bbabout-list\u00bb]<\/p>\n<ul>\n<li>&#8211; Selecci\u00f3n en The BRAW Amazing Bookshelf de la Bologna Children&#8217;s Book Fair (2026, Italia).<\/li>\n<li>Selecci\u00f3n en Millors llibres d&#8217;autoria catalana. IBBY cat, Consell Catal\u00e0 del Llibre Infantil i Juvenil (2026, Catalunya).<\/li>\n<li>&#8211; Muestra del Libro Infantil y Juvenil de la Comunidad de Madrid (2026, 2025, 2021, 2019, Espa\u00f1a).<\/li>\n<li>&#8211; Nominaci\u00f3n a los Premios BLIP (Bienal del Libro Infantil y de Pensamiento) (2025, Espa\u00f1a).<\/li>\n<li>&#8211; Selecci\u00f3n en The BRAW Amazing Bookshelf (Sustainability) de la Bologna Children&#8217;s Book Fair (2025, Italia).<\/li>\n<li>&#8211; Premio Fundaci\u00f3n Cuatrogatos (2025, Miami).<\/li>\n<li>&#8211; Finalista en la Illustrator&#8217;s Exhibition de la Bologna Children&#8217;s Book Fair (2024, Italia).<\/li>\n<li>&#8211; Cat\u00e1logo Iberoam\u00e9rica Ilustra. Fundaci\u00f3n SM y FIL Guadalajara (2023, 2021, 2019, 2018, M\u00e9xico).<\/li>\n<li>&#8211; Best Books for Kids. New York Public Library (2022, EUA).<\/li>\n<li>&#8211; Baba Kamo, Festival Internacional de Ilustraci\u00f3n Editorial (2021, 2020, 2019, 2018, Espa\u00f1a).<\/li>\n<li>&#8211; Menci\u00f3n Ilustraci\u00f3n Premios Banco del Libro (2021, Venezuela).<\/li>\n<li><\/li>\n<li>&#8211; Sharjah Children\u2019s Reading Festival (2020, Emiratos \u00c1rabes).<\/li>\n<li>&#8211; 3\u00ba Premio Nacional Libro Mejor Editado (2019, Espa\u00f1a).<\/li>\n<li>&#8211; 2\u00ba Premio Chen Bochui Award CICLA Illustration Exhibition. Shanghai International Children\u2019s Book Fair (2019, China).<\/li>\n<li>&#8211; Premio Fundaci\u00f3n Cuatrogatos (2019, Miami).<\/li>\n<li>&#8211; Finalista Premios APIM (2019, Espa\u00f1a).<\/li>\n<li>&#8211; Festival Internacional de Ilustraci\u00f3n de S\u00e3o Jo\u00e3o da Madeira (2019, 2017, Portugal).<\/li>\n<li>&#8211; Cat\u00e1logo OEPLI Literatura Infantil y Juvenil Espa\u00f1ola (2018, Espa\u00f1a).<\/li>\n<li>&#8211; Finalista Concurso Internacional de \u00c1lbum Ilustrado de la Biblioteca Insular de Gran Canaria (2016, Espa\u00f1a).<\/li>\n<li>&#8211; 1\u00ba Premio LabEmila de Proyectos (2016, Brasil).<\/li>\n<li>&#8211; Premio Propuestas VEGAP (2012, Espa\u00f1a).<\/li>\n<\/ul>\n<p>[\/vc_column_text]        <\/div>\n    <\/div>\n<\/div><\/div>[\/vc_column][\/vc_row]<\/p>\n","protected":false},"excerpt":{"rendered":"<p>[vc_row equal_height=\u00bbyes\u00bb content_placement=\u00bbmiddle\u00bb row_content_width=\u00bbgrid\u00bb css=\u00bb.vc_custom_1696838536080{padding-top: 66px !important;padding-bottom: 66px !important;}\u00bb][vc_column offset=\u00bbvc_col-lg-offset-0 vc_col-lg-6 vc_col-md-offset-0 vc_col-md-6 vc_col-sm-offset-0 vc_col-xs-12&#8243;][\/vc_column][vc_column offset=\u00bbvc_col-lg-offset-0 vc_col-lg-6 vc_col-md-offset-0 vc_col-md-6 vc_col-sm-offset-0 vc_col-xs-12&#8243;][\/vc_column][\/vc_row][vc_row content_placement=\u00bbtop\u00bb row_content_width=\u00bbgrid\u00bb css=\u00bb.vc_custom_1638186900350{padding-bottom: 66px !important;}\u00bb el_class=\u00bbabout-list\u00bb][vc_column offset=\u00bbvc_col-lg-offset-0 vc_col-lg-6 vc_col-md-offset-0 vc_col-md-6 vc_col-sm-offset-0 vc_col-xs-12&#8243;][vc_empty_space height=\u00bb25px\u00bb][\/vc_column][vc_column offset=\u00bbvc_col-lg-offset-0 vc_col-lg-6 vc_col-md-offset-0 vc_col-md-6 vc_col-sm-offset-0 vc_col-xs-12&#8243;][\/vc_column][\/vc_row]<\/p>\n","protected":false},"author":1,"featured_media":0,"parent":0,"menu_order":8,"comment_status":"closed","ping_status":"closed","template":"","meta":{"footnotes":""},"class_list":["post-1089","page","type-page","status-publish","hentry"],"yoast_head":"<!-- This site is optimized with the Yoast SEO plugin v27.1.1 - https:\/\/yoast.com\/product\/yoast-seo-wordpress\/ -->\n<title>Sobre m\u00ed - Neus Caama\u00f1o<\/title>\n<meta name=\"description\" content=\"Escr\u00edbeme un correo si necesitas a una ilustradora.\" \/>\n<meta name=\"robots\" content=\"index, follow, max-snippet:-1, max-image-preview:large, max-video-preview:-1\" \/>\n<link rel=\"canonical\" href=\"https:\/\/neuscaamano.com\/es\/sobre-mi\/\" \/>\n<meta property=\"og:locale\" content=\"es_ES\" \/>\n<meta property=\"og:type\" content=\"article\" \/>\n<meta property=\"og:title\" content=\"Sobre m\u00ed - Neus Caama\u00f1o\" \/>\n<meta property=\"og:description\" content=\"Escr\u00edbeme un correo si necesitas a una ilustradora.\" \/>\n<meta property=\"og:url\" content=\"https:\/\/neuscaamano.com\/es\/sobre-mi\/\" \/>\n<meta property=\"og:site_name\" content=\"Neus Caama\u00f1o\" \/>\n<meta property=\"article:publisher\" content=\"https:\/\/www.facebook.com\/neuscaamanhoilustracion\/\" \/>\n<meta property=\"article:modified_time\" content=\"2026-04-13T10:39:21+00:00\" \/>\n<meta name=\"twitter:card\" content=\"summary_large_image\" \/>\n<meta name=\"twitter:label1\" content=\"Tiempo de lectura\" \/>\n\t<meta name=\"twitter:data1\" content=\"4 minutos\" \/>\n<script type=\"application\/ld+json\" class=\"yoast-schema-graph\">{\"@context\":\"https:\/\/schema.org\",\"@graph\":[{\"@type\":\"WebPage\",\"@id\":\"https:\/\/neuscaamano.com\/es\/sobre-mi\/\",\"url\":\"https:\/\/neuscaamano.com\/es\/sobre-mi\/\",\"name\":\"Sobre m\u00ed - Neus Caama\u00f1o\",\"isPartOf\":{\"@id\":\"https:\/\/neuscaamano.com\/es\/#website\"},\"datePublished\":\"2018-08-17T10:27:40+00:00\",\"dateModified\":\"2026-04-13T10:39:21+00:00\",\"description\":\"Escr\u00edbeme un correo si necesitas a una ilustradora.\",\"breadcrumb\":{\"@id\":\"https:\/\/neuscaamano.com\/es\/sobre-mi\/#breadcrumb\"},\"inLanguage\":\"es\",\"potentialAction\":[{\"@type\":\"ReadAction\",\"target\":[\"https:\/\/neuscaamano.com\/es\/sobre-mi\/\"]}]},{\"@type\":\"BreadcrumbList\",\"@id\":\"https:\/\/neuscaamano.com\/es\/sobre-mi\/#breadcrumb\",\"itemListElement\":[{\"@type\":\"ListItem\",\"position\":1,\"name\":\"Portada\",\"item\":\"https:\/\/neuscaamano.com\/es\/\"},{\"@type\":\"ListItem\",\"position\":2,\"name\":\"Sobre m\u00ed\"}]},{\"@type\":\"WebSite\",\"@id\":\"https:\/\/neuscaamano.com\/es\/#website\",\"url\":\"https:\/\/neuscaamano.com\/es\/\",\"name\":\"Neus Caama\u00f1o\",\"description\":\"Neus Caama\u00f1o Ilustraci\u00f3n\",\"publisher\":{\"@id\":\"https:\/\/neuscaamano.com\/es\/#organization\"},\"potentialAction\":[{\"@type\":\"SearchAction\",\"target\":{\"@type\":\"EntryPoint\",\"urlTemplate\":\"https:\/\/neuscaamano.com\/es\/?s={search_term_string}\"},\"query-input\":{\"@type\":\"PropertyValueSpecification\",\"valueRequired\":true,\"valueName\":\"search_term_string\"}}],\"inLanguage\":\"es\"},{\"@type\":\"Organization\",\"@id\":\"https:\/\/neuscaamano.com\/es\/#organization\",\"name\":\"Neus Caama\u00f1o Ilustraci\u00f3n\",\"url\":\"https:\/\/neuscaamano.com\/es\/\",\"logo\":{\"@type\":\"ImageObject\",\"inLanguage\":\"es\",\"@id\":\"https:\/\/neuscaamano.com\/es\/#\/schema\/logo\/image\/\",\"url\":\"https:\/\/neuscaamano.com\/wp-content\/uploads\/2019\/09\/favicon.png\",\"contentUrl\":\"https:\/\/neuscaamano.com\/wp-content\/uploads\/2019\/09\/favicon.png\",\"width\":512,\"height\":512,\"caption\":\"Neus Caama\u00f1o Ilustraci\u00f3n\"},\"image\":{\"@id\":\"https:\/\/neuscaamano.com\/es\/#\/schema\/logo\/image\/\"},\"sameAs\":[\"https:\/\/www.facebook.com\/neuscaamanhoilustracion\/\",\"https:\/\/www.instagram.com\/neusilustracion\"]}]}<\/script>\n<!-- \/ Yoast SEO plugin. -->","yoast_head_json":{"title":"Sobre m\u00ed - Neus Caama\u00f1o","description":"Escr\u00edbeme un correo si necesitas a una ilustradora.","robots":{"index":"index","follow":"follow","max-snippet":"max-snippet:-1","max-image-preview":"max-image-preview:large","max-video-preview":"max-video-preview:-1"},"canonical":"https:\/\/neuscaamano.com\/es\/sobre-mi\/","og_locale":"es_ES","og_type":"article","og_title":"Sobre m\u00ed - Neus Caama\u00f1o","og_description":"Escr\u00edbeme un correo si necesitas a una ilustradora.","og_url":"https:\/\/neuscaamano.com\/es\/sobre-mi\/","og_site_name":"Neus Caama\u00f1o","article_publisher":"https:\/\/www.facebook.com\/neuscaamanhoilustracion\/","article_modified_time":"2026-04-13T10:39:21+00:00","twitter_card":"summary_large_image","twitter_misc":{"Tiempo de lectura":"4 minutos"},"schema":{"@context":"https:\/\/schema.org","@graph":[{"@type":"WebPage","@id":"https:\/\/neuscaamano.com\/es\/sobre-mi\/","url":"https:\/\/neuscaamano.com\/es\/sobre-mi\/","name":"Sobre m\u00ed - Neus Caama\u00f1o","isPartOf":{"@id":"https:\/\/neuscaamano.com\/es\/#website"},"datePublished":"2018-08-17T10:27:40+00:00","dateModified":"2026-04-13T10:39:21+00:00","description":"Escr\u00edbeme un correo si necesitas a una ilustradora.","breadcrumb":{"@id":"https:\/\/neuscaamano.com\/es\/sobre-mi\/#breadcrumb"},"inLanguage":"es","potentialAction":[{"@type":"ReadAction","target":["https:\/\/neuscaamano.com\/es\/sobre-mi\/"]}]},{"@type":"BreadcrumbList","@id":"https:\/\/neuscaamano.com\/es\/sobre-mi\/#breadcrumb","itemListElement":[{"@type":"ListItem","position":1,"name":"Portada","item":"https:\/\/neuscaamano.com\/es\/"},{"@type":"ListItem","position":2,"name":"Sobre m\u00ed"}]},{"@type":"WebSite","@id":"https:\/\/neuscaamano.com\/es\/#website","url":"https:\/\/neuscaamano.com\/es\/","name":"Neus Caama\u00f1o","description":"Neus Caama\u00f1o Ilustraci\u00f3n","publisher":{"@id":"https:\/\/neuscaamano.com\/es\/#organization"},"potentialAction":[{"@type":"SearchAction","target":{"@type":"EntryPoint","urlTemplate":"https:\/\/neuscaamano.com\/es\/?s={search_term_string}"},"query-input":{"@type":"PropertyValueSpecification","valueRequired":true,"valueName":"search_term_string"}}],"inLanguage":"es"},{"@type":"Organization","@id":"https:\/\/neuscaamano.com\/es\/#organization","name":"Neus Caama\u00f1o Ilustraci\u00f3n","url":"https:\/\/neuscaamano.com\/es\/","logo":{"@type":"ImageObject","inLanguage":"es","@id":"https:\/\/neuscaamano.com\/es\/#\/schema\/logo\/image\/","url":"https:\/\/neuscaamano.com\/wp-content\/uploads\/2019\/09\/favicon.png","contentUrl":"https:\/\/neuscaamano.com\/wp-content\/uploads\/2019\/09\/favicon.png","width":512,"height":512,"caption":"Neus Caama\u00f1o Ilustraci\u00f3n"},"image":{"@id":"https:\/\/neuscaamano.com\/es\/#\/schema\/logo\/image\/"},"sameAs":["https:\/\/www.facebook.com\/neuscaamanhoilustracion\/","https:\/\/www.instagram.com\/neusilustracion"]}]}},"_links":{"self":[{"href":"https:\/\/neuscaamano.com\/es\/wp-json\/wp\/v2\/pages\/1089","targetHints":{"allow":["GET"]}}],"collection":[{"href":"https:\/\/neuscaamano.com\/es\/wp-json\/wp\/v2\/pages"}],"about":[{"href":"https:\/\/neuscaamano.com\/es\/wp-json\/wp\/v2\/types\/page"}],"author":[{"embeddable":true,"href":"https:\/\/neuscaamano.com\/es\/wp-json\/wp\/v2\/users\/1"}],"replies":[{"embeddable":true,"href":"https:\/\/neuscaamano.com\/es\/wp-json\/wp\/v2\/comments?post=1089"}],"version-history":[{"count":95,"href":"https:\/\/neuscaamano.com\/es\/wp-json\/wp\/v2\/pages\/1089\/revisions"}],"predecessor-version":[{"id":6936,"href":"https:\/\/neuscaamano.com\/es\/wp-json\/wp\/v2\/pages\/1089\/revisions\/6936"}],"wp:attachment":[{"href":"https:\/\/neuscaamano.com\/es\/wp-json\/wp\/v2\/media?parent=1089"}],"curies":[{"name":"wp","href":"https:\/\/api.w.org\/{rel}","templated":true}]}}