{"id":3,"date":"2019-04-30T18:09:09","date_gmt":"2019-04-30T16:09:09","guid":{"rendered":"http:\/\/neuscaamano.com\/?page_id=3"},"modified":"2019-09-25T10:09:05","modified_gmt":"2019-09-25T08:09:05","slug":"aviso-legal-politica-privacidad","status":"publish","type":"page","link":"https:\/\/neuscaamano.com\/es\/aviso-legal-politica-privacidad\/","title":{"rendered":"Aviso legal y pol\u00edtica de privacidad"},"content":{"rendered":"<p>[vc_row][vc_column][vc_column_text]<\/p>\n<h2>Aviso legal y pol\u00edtica de privacidad<\/h2>\n<p>[\/vc_column_text][\/vc_column][\/vc_row][vc_row][vc_column][vc_column_text]<\/p>\n<h5>Datos identificativos<\/h5>\n<p>Informamos a nuestros usuarios que el titular del sitio web ubicado en el dominio <a href=\"https:\/\/neuscaamano.com\">neuscaamano.com<\/a> es Neus Caama\u00f1o Culubret, con el correo de contacto <a href=\"mailto:hola@neuscaamano.com\">hola@neuscaamano.com<\/a>.[\/vc_column_text][vc_column_text]<\/p>\n<h5>Uso de esta web<\/h5>\n<p>La navegaci\u00f3n por el sitio web implica que el usuario necesariamente ha le\u00eddo, entiende y acepta este Aviso legal y pol\u00edtica de privacidad. En caso de que no est\u00e9 de acuerdo con los t\u00e9rminos y condiciones descritos en dichos textos legales, el usuario debe abstenerse de utilizar este sitio web.<\/p>\n<p>No se garantiza la ausencia de virus y otros elementos que puedan causar da\u00f1os en los sistemas inform\u00e1ticos, los documentos electr\u00f3nicos o los ficheros de usuario de esta p\u00e1gina web o de p\u00e1ginas web de terceros.[\/vc_column_text][vc_column_text]<\/p>\n<h5>Pol\u00edtica de cookies<\/h5>\n<p>Cookie es un fichero que se descarga en su ordenador al acceder a determinadas p\u00e1ginas web. Las cookies permiten a una p\u00e1gina web, entre otras cosas, almacenar y recuperar informaci\u00f3n sobre los h\u00e1bitos de navegaci\u00f3n de un usuario o de su equipo y, dependiendo de la informaci\u00f3n que contengan y de la forma en que utilice su equipo, pueden utilizarse para reconocer al usuario. El navegador del usuario memoriza cookies solamente durante la sesi\u00f3n actual, ocupando un espacio de memoria m\u00ednimo y no perjudicando al ordenador. Las cookies no contienen ninguna clase de informaci\u00f3n personal espec\u00edfica, y la mayor\u00eda de las mismas se borran al finalizar la sesi\u00f3n de navegador (las denominadas cookies de sesi\u00f3n).<\/p>\n<p>La mayor\u00eda de los navegadores aceptan como est\u00e1ndar las cookies y, con independencia de las mismas, permiten o impiden en los ajustes de seguridad las cookies temporales o memorizadas.<\/p>\n<p>El Usuario acepta expresamente, por la utilizaci\u00f3n de esta p\u00e1gina web, el tratamiento de la informaci\u00f3n recabada en la forma y con los fines anteriormente mencionados. Y asimismo reconoce conocer la posibilidad de rechazar el tratamiento de tales datos o informaci\u00f3n rechazando el uso de cookies mediante la selecci\u00f3n de la configuraci\u00f3n apropiada a tal fin en su navegador. Esta opci\u00f3n de bloqueo de cookies en su navegador puede no permitirle el uso pleno de todas las funcionalidades del sitio web.<\/p>\n<p>Puede usted permitir, bloquear o eliminar las cookies instaladas en su equipo mediante la configuraci\u00f3n de las opciones del navegador instalado en su ordenador:<\/p>\n<ul>\n<li style=\"list-style-type: none;\">\n<ul>\n<li><a href=\"https:\/\/support.google.com\/chrome\/answer\/95647?hl=es\" target=\"_blank\" rel=\"noopener noreferrer\">Chrome<\/a><\/li>\n<li><a href=\"https:\/\/support.mozilla.org\/es\/kb\/habilitar-y-deshabilitar-cookies-sitios-web-rastrear-preferencias?redirectlocale=es&amp;redirectslug=habilitar-y-deshabilitar-cookies-que-los-sitios-we\" target=\"_blank\" rel=\"noopener noreferrer\">Firefox<\/a><\/li>\n<li><a href=\"https:\/\/support.apple.com\/es-es\/guide\/safari\/sfri11471\/mac\" target=\"_blank\" rel=\"noopener noreferrer\">Safari<\/a><\/li>\n<li><a href=\"https:\/\/support.microsoft.com\/es-es\/help\/4468242\/microsoft-edge-browsing-data-and-privacy-microsoft-privacy\" target=\"_blank\" rel=\"noopener noreferrer\">Edge<\/a><\/li>\n<\/ul>\n<\/li>\n<\/ul>\n<p>[\/vc_column_text][vc_column_text]<\/p>\n<h5>Productos y servicios<\/h5>\n<p>Mediante este sitio web Neus Caama\u00f1o pone a disposici\u00f3n de los usuarios informaci\u00f3n gratuita respecto de los productos y servicios prestados, as\u00ed como la posibilidad de adquirir algunos de esos productos a trav\u00e9s de su tienda online. Los detalles relativos a la venta de productos se encuentran especificados en las <a href=\"https:\/\/neuscaamano.com\/es\/condiciones-de-venta\/\">Condiciones de venta<\/a>.[\/vc_column_text][vc_column_text el_id=\u00bbprivacidad\u00bb]<\/p>\n<h5>Pol\u00edtica de privacidad<\/h5>\n<p>Neus Caama\u00f1o no ceder\u00e1 o comunicar\u00e1 a terceros los datos personales recabados a trav\u00e9s de los correspondientes formularios sin previo consentimiento expreso del usuario, excepto en el caso que la comunicaci\u00f3n sea necesaria para prestarle el servicio que el usuario haya solicitado. El usuario responder\u00e1, en cualquier caso, de la veracidad de los datos facilitados, y de su exactitud y pertinencia.<\/p>\n<p>El usuario podr\u00e1 ejercitar sus derechos de acceso, rectificaci\u00f3n, cancelaci\u00f3n y oposici\u00f3n y dem\u00e1s reconocidos por ley, dirigi\u00e9ndose al correo <a href=\"mailto:hola@neuscaamano.com\">hola@neuscaamano.com<\/a>.[\/vc_column_text][vc_column_text]<\/p>\n<h5>Comunicaciones<\/h5>\n<p>Mediante la aceptaci\u00f3n de este Aviso legal y pol\u00edtica de privacidad, el usuario autoriza expresamente a Neus Caama\u00f1o a remitirle a la direcci\u00f3n de e-mail que proporcione como contacto las comunicaciones que sean necesarias para prestar el servicio solicitado.[\/vc_column_text][vc_column_text]<\/p>\n<h5>Protecci\u00f3n intelectual e industrial<\/h5>\n<p>Todos los dise\u00f1os, logotipos, im\u00e1genes, nombres y dem\u00e1s contenidos del sitio web son titularidad de Neus Caama\u00f1o, gozando en consecuencia de la protecci\u00f3n propia prevista por la normativa aplicable sobre la propiedad industrial e intelectual. En ning\u00fan caso el acceso al sitio web implica cesi\u00f3n por parte de Neus Caama\u00f1o de tales derechos a los usuarios, quedando expresamente prohibido el uso comercial de los contenidos y su alteraci\u00f3n, en cualquier soporte y por cualquier medio t\u00e9cnico, sin la autorizaci\u00f3n de Neus Caama\u00f1o. [\/vc_column_text][vc_column_text]<\/p>\n<h5>Hiperv\u00ednculos<\/h5>\n<p>Este sitio web contiene hiperv\u00ednculos con otros sitios web que no son editados, controlados, mantenidos o supervisados por Neus Caama\u00f1o, no siendo responsable \u00e9sta del contenido o la calidad t\u00e9cnica de dichos sitios web. El establecimiento del hiperv\u00ednculo no implica en ning\u00fan caso la existencia de relaci\u00f3n alguna entre Neus Caama\u00f1o y el titular de la p\u00e1gina web en la que se establezca el mismo. En el caso de que Neus Caama\u00f1o tuviera conocimiento efectivo que la actividad o la informaci\u00f3n a la que remiten estos enlaces es il\u00edcito, constitutivo de delito o que puede lesionar bienes o derechos de terceros susceptibles de indemnizaci\u00f3n, actuar\u00e1 con la diligencia necesaria para suprimir o inutilizar el enlace correspondiente a la mayor brevedad posible.[\/vc_column_text][vc_column_text]<\/p>\n<h5>Actualizaci\u00f3n de la informaci\u00f3n<\/h5>\n<p>Neus Caama\u00f1o no garantiza la total actualizaci\u00f3n, exactitud y\/o disponibilidad en todo momento de los contenidos de su sitio web, si bien hace todo lo posible para que as\u00ed sea. A pesar de que Neus Caama\u00f1o desea prestar a sus usuarios a trav\u00e9s del sitio web un servicio continuado, el mismo podr\u00eda ser interrumpido por circunstancias de diversa \u00edndole.<\/p>\n<p>Neus Caama\u00f1o se reserva el derecho de actualizar, modificar o eliminar la informaci\u00f3n contenida en esta p\u00e1gina web, y su configuraci\u00f3n o presentaci\u00f3n, en cualquier momento, sin previo aviso y sin asumir ning\u00fan tipo de responsabilidad por hacerlo.<br \/>\n[\/vc_column_text][vc_column_text]<\/p>\n<h5>Derecho de exclusi\u00f3n<\/h5>\n<p>Neus Caama\u00f1o se reserva el derecho a denegar o retirar el acceso al portal y\/o los servicios ofrecidos sin necesidad de preaviso, a instancia propia o de un tercero, a aquellos usuarios que incumplan este Aviso legal y pol\u00edtica de privacidad.[\/vc_column_text][vc_column_text]<\/p>\n<h5>Modificaci\u00f3n y duraci\u00f3n de estas condiciones<\/h5>\n<p>Neus Caama\u00f1o podr\u00e1 modificar en cualquier momento las condiciones aqu\u00ed detalladas, siendo debidamente publicadas como aqu\u00ed aparecen.[\/vc_column_text][vc_column_text]<\/p>\n<h5>Legislaci\u00f3n aplicable y jurisdicci\u00f3n<\/h5>\n<p>Con car\u00e1cter general, las relaciones con los usuarios, derivadas de la prestaci\u00f3n de servicios contenidos en esta p\u00e1gina web, est\u00e1n sometidas a la legislaci\u00f3n y jurisdicci\u00f3n espa\u00f1ola.[\/vc_column_text][\/vc_column][\/vc_row]<\/p>\n","protected":false},"excerpt":{"rendered":"<p>[vc_row][vc_column][vc_column_text] Aviso legal y pol\u00edtica de privacidad [\/vc_column_text][\/vc_column][\/vc_row][vc_row][vc_column][vc_column_text] Datos identificativos Informamos a nuestros usuarios que el titular del sitio web ubicado en el dominio neuscaamano.com es Neus Caama\u00f1o Culubret, con el correo de contacto hola@neuscaamano.com.[\/vc_column_text][vc_column_text] Uso de esta web La [&hellip;]<\/p>\n","protected":false},"author":1,"featured_media":0,"parent":0,"menu_order":11,"comment_status":"closed","ping_status":"open","template":"","meta":{"footnotes":""},"class_list":["post-3","page","type-page","status-publish","hentry"],"yoast_head":"<!-- This site is optimized with the Yoast SEO plugin v27.1.1 - https:\/\/yoast.com\/product\/yoast-seo-wordpress\/ -->\n<title>Aviso legal y pol\u00edtica de privacidad - Neus Caama\u00f1o<\/title>\n<meta name=\"description\" content=\"Neus Caama\u00f1o\" \/>\n<meta name=\"robots\" content=\"index, follow, max-snippet:-1, max-image-preview:large, max-video-preview:-1\" \/>\n<link rel=\"canonical\" href=\"https:\/\/neuscaamano.com\/es\/aviso-legal-politica-privacidad\/\" \/>\n<meta property=\"og:locale\" content=\"es_ES\" \/>\n<meta property=\"og:type\" content=\"article\" \/>\n<meta property=\"og:title\" content=\"Aviso legal y pol\u00edtica de privacidad - Neus Caama\u00f1o\" \/>\n<meta property=\"og:description\" content=\"Neus Caama\u00f1o\" \/>\n<meta property=\"og:url\" content=\"https:\/\/neuscaamano.com\/es\/aviso-legal-politica-privacidad\/\" \/>\n<meta property=\"og:site_name\" content=\"Neus Caama\u00f1o\" \/>\n<meta property=\"article:publisher\" content=\"https:\/\/www.facebook.com\/neuscaamanhoilustracion\/\" \/>\n<meta property=\"article:modified_time\" content=\"2019-09-25T08:09:05+00:00\" \/>\n<meta name=\"twitter:card\" content=\"summary_large_image\" \/>\n<meta name=\"twitter:label1\" content=\"Tiempo de lectura\" \/>\n\t<meta name=\"twitter:data1\" content=\"6 minutos\" \/>\n<script type=\"application\/ld+json\" class=\"yoast-schema-graph\">{\"@context\":\"https:\/\/schema.org\",\"@graph\":[{\"@type\":\"WebPage\",\"@id\":\"https:\/\/neuscaamano.com\/es\/aviso-legal-politica-privacidad\/\",\"url\":\"https:\/\/neuscaamano.com\/es\/aviso-legal-politica-privacidad\/\",\"name\":\"Aviso legal y pol\u00edtica de privacidad - Neus Caama\u00f1o\",\"isPartOf\":{\"@id\":\"https:\/\/neuscaamano.com\/es\/#website\"},\"datePublished\":\"2019-04-30T16:09:09+00:00\",\"dateModified\":\"2019-09-25T08:09:05+00:00\",\"description\":\"Neus Caama\u00f1o\",\"breadcrumb\":{\"@id\":\"https:\/\/neuscaamano.com\/es\/aviso-legal-politica-privacidad\/#breadcrumb\"},\"inLanguage\":\"es\",\"potentialAction\":[{\"@type\":\"ReadAction\",\"target\":[\"https:\/\/neuscaamano.com\/es\/aviso-legal-politica-privacidad\/\"]}]},{\"@type\":\"BreadcrumbList\",\"@id\":\"https:\/\/neuscaamano.com\/es\/aviso-legal-politica-privacidad\/#breadcrumb\",\"itemListElement\":[{\"@type\":\"ListItem\",\"position\":1,\"name\":\"Portada\",\"item\":\"https:\/\/neuscaamano.com\/es\/\"},{\"@type\":\"ListItem\",\"position\":2,\"name\":\"Aviso legal y pol\u00edtica de privacidad\"}]},{\"@type\":\"WebSite\",\"@id\":\"https:\/\/neuscaamano.com\/es\/#website\",\"url\":\"https:\/\/neuscaamano.com\/es\/\",\"name\":\"Neus Caama\u00f1o\",\"description\":\"Neus Caama\u00f1o Ilustraci\u00f3n\",\"publisher\":{\"@id\":\"https:\/\/neuscaamano.com\/es\/#organization\"},\"potentialAction\":[{\"@type\":\"SearchAction\",\"target\":{\"@type\":\"EntryPoint\",\"urlTemplate\":\"https:\/\/neuscaamano.com\/es\/?s={search_term_string}\"},\"query-input\":{\"@type\":\"PropertyValueSpecification\",\"valueRequired\":true,\"valueName\":\"search_term_string\"}}],\"inLanguage\":\"es\"},{\"@type\":\"Organization\",\"@id\":\"https:\/\/neuscaamano.com\/es\/#organization\",\"name\":\"Neus Caama\u00f1o Ilustraci\u00f3n\",\"url\":\"https:\/\/neuscaamano.com\/es\/\",\"logo\":{\"@type\":\"ImageObject\",\"inLanguage\":\"es\",\"@id\":\"https:\/\/neuscaamano.com\/es\/#\/schema\/logo\/image\/\",\"url\":\"https:\/\/neuscaamano.com\/wp-content\/uploads\/2019\/09\/favicon.png\",\"contentUrl\":\"https:\/\/neuscaamano.com\/wp-content\/uploads\/2019\/09\/favicon.png\",\"width\":512,\"height\":512,\"caption\":\"Neus Caama\u00f1o Ilustraci\u00f3n\"},\"image\":{\"@id\":\"https:\/\/neuscaamano.com\/es\/#\/schema\/logo\/image\/\"},\"sameAs\":[\"https:\/\/www.facebook.com\/neuscaamanhoilustracion\/\",\"https:\/\/www.instagram.com\/neusilustracion\"]}]}<\/script>\n<!-- \/ Yoast SEO plugin. -->","yoast_head_json":{"title":"Aviso legal y pol\u00edtica de privacidad - Neus Caama\u00f1o","description":"Neus Caama\u00f1o","robots":{"index":"index","follow":"follow","max-snippet":"max-snippet:-1","max-image-preview":"max-image-preview:large","max-video-preview":"max-video-preview:-1"},"canonical":"https:\/\/neuscaamano.com\/es\/aviso-legal-politica-privacidad\/","og_locale":"es_ES","og_type":"article","og_title":"Aviso legal y pol\u00edtica de privacidad - Neus Caama\u00f1o","og_description":"Neus Caama\u00f1o","og_url":"https:\/\/neuscaamano.com\/es\/aviso-legal-politica-privacidad\/","og_site_name":"Neus Caama\u00f1o","article_publisher":"https:\/\/www.facebook.com\/neuscaamanhoilustracion\/","article_modified_time":"2019-09-25T08:09:05+00:00","twitter_card":"summary_large_image","twitter_misc":{"Tiempo de lectura":"6 minutos"},"schema":{"@context":"https:\/\/schema.org","@graph":[{"@type":"WebPage","@id":"https:\/\/neuscaamano.com\/es\/aviso-legal-politica-privacidad\/","url":"https:\/\/neuscaamano.com\/es\/aviso-legal-politica-privacidad\/","name":"Aviso legal y pol\u00edtica de privacidad - Neus Caama\u00f1o","isPartOf":{"@id":"https:\/\/neuscaamano.com\/es\/#website"},"datePublished":"2019-04-30T16:09:09+00:00","dateModified":"2019-09-25T08:09:05+00:00","description":"Neus Caama\u00f1o","breadcrumb":{"@id":"https:\/\/neuscaamano.com\/es\/aviso-legal-politica-privacidad\/#breadcrumb"},"inLanguage":"es","potentialAction":[{"@type":"ReadAction","target":["https:\/\/neuscaamano.com\/es\/aviso-legal-politica-privacidad\/"]}]},{"@type":"BreadcrumbList","@id":"https:\/\/neuscaamano.com\/es\/aviso-legal-politica-privacidad\/#breadcrumb","itemListElement":[{"@type":"ListItem","position":1,"name":"Portada","item":"https:\/\/neuscaamano.com\/es\/"},{"@type":"ListItem","position":2,"name":"Aviso legal y pol\u00edtica de privacidad"}]},{"@type":"WebSite","@id":"https:\/\/neuscaamano.com\/es\/#website","url":"https:\/\/neuscaamano.com\/es\/","name":"Neus Caama\u00f1o","description":"Neus Caama\u00f1o Ilustraci\u00f3n","publisher":{"@id":"https:\/\/neuscaamano.com\/es\/#organization"},"potentialAction":[{"@type":"SearchAction","target":{"@type":"EntryPoint","urlTemplate":"https:\/\/neuscaamano.com\/es\/?s={search_term_string}"},"query-input":{"@type":"PropertyValueSpecification","valueRequired":true,"valueName":"search_term_string"}}],"inLanguage":"es"},{"@type":"Organization","@id":"https:\/\/neuscaamano.com\/es\/#organization","name":"Neus Caama\u00f1o Ilustraci\u00f3n","url":"https:\/\/neuscaamano.com\/es\/","logo":{"@type":"ImageObject","inLanguage":"es","@id":"https:\/\/neuscaamano.com\/es\/#\/schema\/logo\/image\/","url":"https:\/\/neuscaamano.com\/wp-content\/uploads\/2019\/09\/favicon.png","contentUrl":"https:\/\/neuscaamano.com\/wp-content\/uploads\/2019\/09\/favicon.png","width":512,"height":512,"caption":"Neus Caama\u00f1o Ilustraci\u00f3n"},"image":{"@id":"https:\/\/neuscaamano.com\/es\/#\/schema\/logo\/image\/"},"sameAs":["https:\/\/www.facebook.com\/neuscaamanhoilustracion\/","https:\/\/www.instagram.com\/neusilustracion"]}]}},"_links":{"self":[{"href":"https:\/\/neuscaamano.com\/es\/wp-json\/wp\/v2\/pages\/3","targetHints":{"allow":["GET"]}}],"collection":[{"href":"https:\/\/neuscaamano.com\/es\/wp-json\/wp\/v2\/pages"}],"about":[{"href":"https:\/\/neuscaamano.com\/es\/wp-json\/wp\/v2\/types\/page"}],"author":[{"embeddable":true,"href":"https:\/\/neuscaamano.com\/es\/wp-json\/wp\/v2\/users\/1"}],"replies":[{"embeddable":true,"href":"https:\/\/neuscaamano.com\/es\/wp-json\/wp\/v2\/comments?post=3"}],"version-history":[{"count":13,"href":"https:\/\/neuscaamano.com\/es\/wp-json\/wp\/v2\/pages\/3\/revisions"}],"predecessor-version":[{"id":5662,"href":"https:\/\/neuscaamano.com\/es\/wp-json\/wp\/v2\/pages\/3\/revisions\/5662"}],"wp:attachment":[{"href":"https:\/\/neuscaamano.com\/es\/wp-json\/wp\/v2\/media?parent=3"}],"curies":[{"name":"wp","href":"https:\/\/api.w.org\/{rel}","templated":true}]}}